{"id":618,"date":"2021-05-19T11:31:56","date_gmt":"2021-05-19T11:31:56","guid":{"rendered":"http:\/\/s687002198.online.de\/?page_id=618"},"modified":"2025-01-23T09:48:54","modified_gmt":"2025-01-23T09:48:54","slug":"impressum","status":"publish","type":"page","link":"https:\/\/sabrinaortmann.de\/en\/impressum","title":{"rendered":"Imprint"},"content":{"rendered":"<div data-elementor-type=\"wp-page\" data-elementor-id=\"618\" class=\"elementor elementor-618\" data-elementor-post-type=\"page\">\n\t\t\t\t\t\t<section class=\"elementor-section elementor-top-section elementor-element elementor-element-7a336e8a elementor-section-height-min-height elementor-section-boxed elementor-section-height-default elementor-section-items-middle\" data-id=\"7a336e8a\" data-element_type=\"section\" data-e-type=\"section\" data-settings=\"{&quot;background_background&quot;:&quot;classic&quot;}\">\n\t\t\t\t\t\t\t<div class=\"elementor-background-overlay\"><\/div>\n\t\t\t\t\t\t\t<div class=\"elementor-container elementor-column-gap-default\">\n\t\t\t\t\t<div class=\"elementor-column elementor-col-100 elementor-top-column elementor-element elementor-element-63474d5d\" data-id=\"63474d5d\" data-element_type=\"column\" data-e-type=\"column\">\n\t\t\t<div class=\"elementor-widget-wrap elementor-element-populated\">\n\t\t\t\t\t\t<div class=\"elementor-element elementor-element-1dc91d3b elementor-widget elementor-widget-heading\" data-id=\"1dc91d3b\" data-element_type=\"widget\" data-e-type=\"widget\" data-widget_type=\"heading.default\">\n\t\t\t\t<div class=\"elementor-widget-container\">\n\t\t\t\t\t<h1 class=\"elementor-heading-title elementor-size-default\">Imprint<\/h1>\t\t\t\t<\/div>\n\t\t\t\t<\/div>\n\t\t\t\t\t<\/div>\n\t\t<\/div>\n\t\t\t\t\t<\/div>\n\t\t<\/section>\n\t\t\t\t<section class=\"elementor-section elementor-top-section elementor-element elementor-element-92ebfa3 elementor-section-boxed elementor-section-height-default elementor-section-height-default\" data-id=\"92ebfa3\" data-element_type=\"section\" data-e-type=\"section\">\n\t\t\t\t\t\t<div class=\"elementor-container elementor-column-gap-default\">\n\t\t\t\t\t<div class=\"elementor-column elementor-col-100 elementor-top-column elementor-element elementor-element-9aeff33\" data-id=\"9aeff33\" data-element_type=\"column\" data-e-type=\"column\">\n\t\t\t<div class=\"elementor-widget-wrap elementor-element-populated\">\n\t\t\t\t\t\t<div class=\"elementor-element elementor-element-dfebea4 elementor-widget elementor-widget-text-editor\" data-id=\"dfebea4\" data-element_type=\"widget\" data-e-type=\"widget\" data-widget_type=\"text-editor.default\">\n\t\t\t\t<div class=\"elementor-widget-container\">\n\t\t\t\t\t\t\t\t\t<p><strong>Sabrina Ortmann Kommunikation. Tech-PR aus Berlin.<br \/><\/strong>PR-Beraterin f\u00fcr IT, Technologie und Digital Business<br \/>Expert for B2B press relations<\/p><p>Sabrina Ortmann<br \/>B\u00fclowstra\u00dfe 48<br \/>10783 Berlin<\/p><p>Phone: +49 (0)30 549 092 40<br \/>Email: <a href=\"mailto:post@sabrinaortmann.de\">E-mail:  post@sabrinaortmann.de<\/a><\/p><p><a href=\"https:\/\/sabrinaortmann.de\/en\/\">www.sabrinaortmann.de<\/a><\/p><p>Einzelunternehmen<br \/>Umsatzsteuer-Identifikationsnummer: DE312247799<\/p><p>Berufshaftpflicht:<br \/>Eine freiwillige Verm\u00f6gensschaden-Haftpflichtversicherung, B\u00fcro- und Betriebshaftpflicht-Versicherung einschlie\u00dflich Produkthaftpflicht-Versicherung besteht bei exali GmbH, Franz-Kobinger-Str. 9, 86157 Augsburg.<\/p><p>Inhaltlich Verantwortliche gem\u00e4\u00df \u00a7 55 Abs. 2 RStV: Sabrina Ortmann (Anschrift wie oben)<\/p><h5>Website<\/h5><p><strong>Konzeption, Text und Redaktion<\/strong><br \/>Sabrina Ortmann 2021 bis 2025<\/p><p><strong>Gestaltung und Umsetzung<\/strong><br \/>FOHLER-IT<\/p><p><strong>Bildnachweise<br \/><\/strong><\/p><ul><li>&#8222;Hauptseite&#8220;: Foto <a href=\"https:\/\/dieterduevelmeyer.de\/\" target=\"_blank\" rel=\"noopener\">Dieter D\u00fcvelmeyer<\/a><\/li><li>&#8222;Angebot&#8220;: Headerfoto:\u00a0<a href=\"https:\/\/dieterduevelmeyer.de\/\" target=\"_blank\" rel=\"noopener\">Dieter D\u00fcvelmeyer<\/a><\/li><li>&#8222;Profil&#8220;: &#8222;Klavier mit H\u00e4nden&#8220; &#8211; iStock<\/li><li>\u00a0&#8222;Impressum&#8220;, &#8222;Datenschutzerkl\u00e4rung&#8220;, &#8222;Cookie-Richtlinie (EU)&#8220;: &#8222;Druckerpresse&#8220; &#8211; Photo by <a href=\"https:\/\/unsplash.com\/@bank_phrom?utm_source=unsplash&amp;utm_medium=referral&amp;utm_content=creditCopyText\">Bank Phrom<\/a> on <a href=\"https:\/\/unsplash.com\/s\/photos\/press?utm_source=unsplash&amp;utm_medium=referral&amp;utm_content=creditCopyText\">Unsplash<\/a>\u00a0<\/li><li>&#8222;Referenzen&#8220;: &#8222;Gesch\u00e4ftsleute jubeln&#8220; &#8211; iStock<\/li><li>&#8222;Kontakt&#8220;: Headerfoto: Dieter D\u00fcvelmeyer,\u00a0<\/li><li>&#8222;Bonustrack &#8211; Der PR-Blog&#8220;: Headerfoto &#8211; Sabrina Ortmann \/ Beitragsbilder &#8211; siehe Einzelnachweise in den jeweiligen Beitr\u00e4gen<\/li><\/ul><h5>Haftung f\u00fcr Inhalte<\/h5><p>Die Inhalte meiner Seiten wurden mit gr\u00f6\u00dfter Sorgfalt erstellt. F\u00fcr die Richtigkeit, Vollst\u00e4ndigkeit und Aktualit\u00e4t der Inhalte kann ich jedoch keine Gew\u00e4hr \u00fcbernehmen. Als Diensteanbieter bin ich gem\u00e4\u00df \u00a7 7 Abs.1 TMG f\u00fcr eigene Inhalte auf diesen Seiten nach den allgemeinen Gesetzen verantwortlich. Nach \u00a7\u00a7 8 bis 10 TMG bin ich als Diensteanbieter jedoch nicht verpflichtet, \u00fcbermittelte oder gespeicherte fremde Informationen zu \u00fcberwachen oder nach Umst\u00e4nden zu forschen, die auf eine rechtswidrige T\u00e4tigkeit hinweisen. Verpflichtungen zur Entfernung oder Sperrung der Nutzung von Informationen nach den allgemeinen Gesetzen bleiben hiervon unber\u00fchrt. Eine diesbez\u00fcgliche Haftung ist jedoch erst ab dem Zeitpunkt der Kenntnis einer konkreten Rechtsverletzung m\u00f6glich. Bei Bekanntwerden von entsprechenden Rechtsverletzungen werde ich diese Inhalte umgehend entfernen.<\/p><h5>Urheberrecht<\/h5><p>Die durch die Seitenbetreiberin erstellten Inhalte und Werke auf diesen Seiten unterliegen dem deutschen Urheberrecht. Die Vervielf\u00e4ltigung, Bearbeitung, Verbreitung und jede Art der Verwertung au\u00dferhalb der Grenzen des Urheberrechtes bed\u00fcrfen der schriftlichen Zustimmung des jeweiligen Autors bzw. Erstellers. Downloads und Kopien dieser Seite sind nur f\u00fcr den privaten, nicht kommerziellen Gebrauch gestattet. Soweit die Inhalte auf dieser Seite nicht von der Betreiberin erstellt wurden, werden die Urheberrechte Dritter beachtet. Insbesondere werden Inhalte Dritter als solche gekennzeichnet. Sollten Sie trotzdem auf eine Urheberrechtsverletzung aufmerksam werden, bitte ich um einen entsprechenden Hinweis. Bei Bekanntwerden von Rechtsverletzungen werde ich derartige Inhalte umgehend entfernen.<\/p><h5><strong>Widerspruch Werbe-Mails<\/strong><\/h5><p>Der Nutzung von im Rahmen der Impressumspflicht ver\u00f6ffentlichten Kontaktdaten zur \u00dcbersendung von nicht ausdr\u00fccklich angeforderter Werbung und Informationsmaterialien wird hiermit widersprochen. Die Betreiberin der Seiten beh\u00e4lt sich ausdr\u00fccklich rechtliche Schritte im Falle der unverlangten Zusendung von Werbeinformationen, etwa durch Spam-E-Mails, vor.<\/p><h5><a href=\"https:\/\/sabrinaortmann.de\/en\/datenschutzerklaerung\/\">Zur Datenschutzerkl\u00e4rung<\/a><\/h5>\t\t\t\t\t\t\t\t<\/div>\n\t\t\t\t<\/div>\n\t\t\t\t\t<\/div>\n\t\t<\/div>\n\t\t\t\t\t<\/div>\n\t\t<\/section>\n\t\t\t\t<\/div>","protected":false},"excerpt":{"rendered":"<p>Impressum Sabrina Ortmann Kommunikation. Tech-PR aus Berlin.PR-Beraterin f\u00fcr IT, Technologie und Digital BusinessExpertin f\u00fcr B2B-Fachpressearbeit Sabrina OrtmannB\u00fclowstra\u00dfe 4810783 Berlin Tel.: +49 (0)30 549 092 40Email: post@sabrinaortmann.de www.sabrinaortmann.de EinzelunternehmenUmsatzsteuer-Identifikationsnummer: DE312247799 Berufshaftpflicht:Eine freiwillige Verm\u00f6gensschaden-Haftpflichtversicherung, B\u00fcro- und Betriebshaftpflicht-Versicherung einschlie\u00dflich Produkthaftpflicht-Versicherung besteht bei exali GmbH, Franz-Kobinger-Str. 9, 86157 Augsburg. Inhaltlich Verantwortliche gem\u00e4\u00df \u00a7 55 Abs. 2 RStV: Sabrina Ortmann [&hellip;]<\/p>\n","protected":false},"author":2,"featured_media":0,"parent":0,"menu_order":0,"comment_status":"closed","ping_status":"closed","template":"","meta":{"site-sidebar-layout":"no-sidebar","site-content-layout":"page-builder","ast-site-content-layout":"default","site-content-style":"default","site-sidebar-style":"default","ast-global-header-display":"","ast-banner-title-visibility":"","ast-main-header-display":"","ast-hfb-above-header-display":"","ast-hfb-below-header-display":"","ast-hfb-mobile-header-display":"","site-post-title":"disabled","ast-breadcrumbs-content":"","ast-featured-img":"disabled","footer-sml-layout":"","ast-disable-related-posts":"","theme-transparent-header-meta":"default","adv-header-id-meta":"","stick-header-meta":"","header-above-stick-meta":"","header-main-stick-meta":"","header-below-stick-meta":"","astra-migrate-meta-layouts":"default","ast-page-background-enabled":"default","ast-page-background-meta":{"desktop":{"background-color":"","background-image":"","background-repeat":"repeat","background-position":"center center","background-size":"auto","background-attachment":"scroll","background-type":"","background-media":"","overlay-type":"","overlay-color":"","overlay-opacity":"","overlay-gradient":""},"tablet":{"background-color":"","background-image":"","background-repeat":"repeat","background-position":"center center","background-size":"auto","background-attachment":"scroll","background-type":"","background-media":"","overlay-type":"","overlay-color":"","overlay-opacity":"","overlay-gradient":""},"mobile":{"background-color":"","background-image":"","background-repeat":"repeat","background-position":"center center","background-size":"auto","background-attachment":"scroll","background-type":"","background-media":"","overlay-type":"","overlay-color":"","overlay-opacity":"","overlay-gradient":""}},"ast-content-background-meta":{"desktop":{"background-color":"var(--ast-global-color-5)","background-image":"","background-repeat":"repeat","background-position":"center center","background-size":"auto","background-attachment":"scroll","background-type":"","background-media":"","overlay-type":"","overlay-color":"","overlay-opacity":"","overlay-gradient":""},"tablet":{"background-color":"var(--ast-global-color-5)","background-image":"","background-repeat":"repeat","background-position":"center center","background-size":"auto","background-attachment":"scroll","background-type":"","background-media":"","overlay-type":"","overlay-color":"","overlay-opacity":"","overlay-gradient":""},"mobile":{"background-color":"var(--ast-global-color-5)","background-image":"","background-repeat":"repeat","background-position":"center center","background-size":"auto","background-attachment":"scroll","background-type":"","background-media":"","overlay-type":"","overlay-color":"","overlay-opacity":"","overlay-gradient":""}},"footnotes":""},"class_list":["post-618","page","type-page","status-publish","hentry"],"yoast_head":"<!-- This site is optimized with the Yoast SEO plugin v27.5 - https:\/\/yoast.com\/product\/yoast-seo-wordpress\/ -->\n<title>Impressum - Sabrina Ortmann Kommunikation. Strategische PR aus Berlin<\/title>\n<meta name=\"robots\" content=\"index, follow, max-snippet:-1, max-image-preview:large, max-video-preview:-1\" \/>\n<link rel=\"canonical\" href=\"https:\/\/sabrinaortmann.de\/en\/impressum\/\" \/>\n<meta property=\"og:locale\" content=\"en_GB\" \/>\n<meta property=\"og:type\" content=\"article\" \/>\n<meta property=\"og:title\" content=\"Impressum - Sabrina Ortmann Kommunikation. Strategische PR aus Berlin\" \/>\n<meta property=\"og:description\" content=\"Impressum Sabrina Ortmann Kommunikation. Tech-PR aus Berlin.PR-Beraterin f\u00fcr IT, Technologie und Digital BusinessExpertin f\u00fcr B2B-Fachpressearbeit Sabrina OrtmannB\u00fclowstra\u00dfe 4810783 Berlin Tel.: +49 (0)30 549 092 40Email: post@sabrinaortmann.de www.sabrinaortmann.de EinzelunternehmenUmsatzsteuer-Identifikationsnummer: DE312247799 Berufshaftpflicht:Eine freiwillige Verm\u00f6gensschaden-Haftpflichtversicherung, B\u00fcro- und Betriebshaftpflicht-Versicherung einschlie\u00dflich Produkthaftpflicht-Versicherung besteht bei exali GmbH, Franz-Kobinger-Str. 9, 86157 Augsburg. Inhaltlich Verantwortliche gem\u00e4\u00df \u00a7 55 Abs. 2 RStV: Sabrina Ortmann [&hellip;]\" \/>\n<meta property=\"og:url\" content=\"https:\/\/sabrinaortmann.de\/en\/impressum\/\" \/>\n<meta property=\"og:site_name\" content=\"Sabrina Ortmann Kommunikation. Strategische PR aus Berlin\" \/>\n<meta property=\"article:modified_time\" content=\"2025-01-23T09:48:54+00:00\" \/>\n<meta name=\"twitter:card\" content=\"summary_large_image\" \/>\n<meta name=\"twitter:label1\" content=\"Estimated reading time\" \/>\n\t<meta name=\"twitter:data1\" content=\"3 minutes\" \/>\n<script type=\"application\/ld+json\" class=\"yoast-schema-graph\">{\"@context\":\"https:\\\/\\\/schema.org\",\"@graph\":[{\"@type\":\"WebPage\",\"@id\":\"https:\\\/\\\/sabrinaortmann.de\\\/impressum\",\"url\":\"https:\\\/\\\/sabrinaortmann.de\\\/impressum\",\"name\":\"Impressum - Sabrina Ortmann Kommunikation. Strategische PR aus Berlin\",\"isPartOf\":{\"@id\":\"https:\\\/\\\/sabrinaortmann.de\\\/#website\"},\"datePublished\":\"2021-05-19T11:31:56+00:00\",\"dateModified\":\"2025-01-23T09:48:54+00:00\",\"breadcrumb\":{\"@id\":\"https:\\\/\\\/sabrinaortmann.de\\\/impressum#breadcrumb\"},\"inLanguage\":\"en-GB\",\"potentialAction\":[{\"@type\":\"ReadAction\",\"target\":[\"https:\\\/\\\/sabrinaortmann.de\\\/impressum\"]}]},{\"@type\":\"BreadcrumbList\",\"@id\":\"https:\\\/\\\/sabrinaortmann.de\\\/impressum#breadcrumb\",\"itemListElement\":[{\"@type\":\"ListItem\",\"position\":1,\"name\":\"Startseite\",\"item\":\"https:\\\/\\\/sabrinaortmann.de\\\/\"},{\"@type\":\"ListItem\",\"position\":2,\"name\":\"Impressum\"}]},{\"@type\":\"WebSite\",\"@id\":\"https:\\\/\\\/sabrinaortmann.de\\\/#website\",\"url\":\"https:\\\/\\\/sabrinaortmann.de\\\/\",\"name\":\"Sabrina Ortmann Kommunikation. Strategische PR aus Berlin\",\"description\":\"\",\"potentialAction\":[{\"@type\":\"SearchAction\",\"target\":{\"@type\":\"EntryPoint\",\"urlTemplate\":\"https:\\\/\\\/sabrinaortmann.de\\\/?s={search_term_string}\"},\"query-input\":{\"@type\":\"PropertyValueSpecification\",\"valueRequired\":true,\"valueName\":\"search_term_string\"}}],\"inLanguage\":\"en-GB\"}]}<\/script>\n<!-- \/ Yoast SEO plugin. -->","yoast_head_json":{"title":"Impressum - Sabrina Ortmann Kommunikation. Strategische PR aus Berlin","robots":{"index":"index","follow":"follow","max-snippet":"max-snippet:-1","max-image-preview":"max-image-preview:large","max-video-preview":"max-video-preview:-1"},"canonical":"https:\/\/sabrinaortmann.de\/en\/impressum\/","og_locale":"en_GB","og_type":"article","og_title":"Impressum - Sabrina Ortmann Kommunikation. Strategische PR aus Berlin","og_description":"Impressum Sabrina Ortmann Kommunikation. Tech-PR aus Berlin.PR-Beraterin f\u00fcr IT, Technologie und Digital BusinessExpertin f\u00fcr B2B-Fachpressearbeit Sabrina OrtmannB\u00fclowstra\u00dfe 4810783 Berlin Tel.: +49 (0)30 549 092 40Email: post@sabrinaortmann.de www.sabrinaortmann.de EinzelunternehmenUmsatzsteuer-Identifikationsnummer: DE312247799 Berufshaftpflicht:Eine freiwillige Verm\u00f6gensschaden-Haftpflichtversicherung, B\u00fcro- und Betriebshaftpflicht-Versicherung einschlie\u00dflich Produkthaftpflicht-Versicherung besteht bei exali GmbH, Franz-Kobinger-Str. 9, 86157 Augsburg. Inhaltlich Verantwortliche gem\u00e4\u00df \u00a7 55 Abs. 2 RStV: Sabrina Ortmann [&hellip;]","og_url":"https:\/\/sabrinaortmann.de\/en\/impressum\/","og_site_name":"Sabrina Ortmann Kommunikation. Strategische PR aus Berlin","article_modified_time":"2025-01-23T09:48:54+00:00","twitter_card":"summary_large_image","twitter_misc":{"Estimated reading time":"3 minutes"},"schema":{"@context":"https:\/\/schema.org","@graph":[{"@type":"WebPage","@id":"https:\/\/sabrinaortmann.de\/impressum","url":"https:\/\/sabrinaortmann.de\/impressum","name":"Impressum - Sabrina Ortmann Kommunikation. Strategische PR aus Berlin","isPartOf":{"@id":"https:\/\/sabrinaortmann.de\/#website"},"datePublished":"2021-05-19T11:31:56+00:00","dateModified":"2025-01-23T09:48:54+00:00","breadcrumb":{"@id":"https:\/\/sabrinaortmann.de\/impressum#breadcrumb"},"inLanguage":"en-GB","potentialAction":[{"@type":"ReadAction","target":["https:\/\/sabrinaortmann.de\/impressum"]}]},{"@type":"BreadcrumbList","@id":"https:\/\/sabrinaortmann.de\/impressum#breadcrumb","itemListElement":[{"@type":"ListItem","position":1,"name":"Startseite","item":"https:\/\/sabrinaortmann.de\/"},{"@type":"ListItem","position":2,"name":"Impressum"}]},{"@type":"WebSite","@id":"https:\/\/sabrinaortmann.de\/#website","url":"https:\/\/sabrinaortmann.de\/","name":"Sabrina Ortmann Kommunikation. Strategische PR aus Berlin","description":"","potentialAction":[{"@type":"SearchAction","target":{"@type":"EntryPoint","urlTemplate":"https:\/\/sabrinaortmann.de\/?s={search_term_string}"},"query-input":{"@type":"PropertyValueSpecification","valueRequired":true,"valueName":"search_term_string"}}],"inLanguage":"en-GB"}]}},"_links":{"self":[{"href":"https:\/\/sabrinaortmann.de\/en\/wp-json\/wp\/v2\/pages\/618","targetHints":{"allow":["GET"]}}],"collection":[{"href":"https:\/\/sabrinaortmann.de\/en\/wp-json\/wp\/v2\/pages"}],"about":[{"href":"https:\/\/sabrinaortmann.de\/en\/wp-json\/wp\/v2\/types\/page"}],"author":[{"embeddable":true,"href":"https:\/\/sabrinaortmann.de\/en\/wp-json\/wp\/v2\/users\/2"}],"replies":[{"embeddable":true,"href":"https:\/\/sabrinaortmann.de\/en\/wp-json\/wp\/v2\/comments?post=618"}],"version-history":[{"count":61,"href":"https:\/\/sabrinaortmann.de\/en\/wp-json\/wp\/v2\/pages\/618\/revisions"}],"predecessor-version":[{"id":3193,"href":"https:\/\/sabrinaortmann.de\/en\/wp-json\/wp\/v2\/pages\/618\/revisions\/3193"}],"wp:attachment":[{"href":"https:\/\/sabrinaortmann.de\/en\/wp-json\/wp\/v2\/media?parent=618"}],"curies":[{"name":"wp","href":"https:\/\/api.w.org\/{rel}","templated":true}]}}